{"id":1522,"date":"2020-01-26T23:56:52","date_gmt":"2020-01-26T22:56:52","guid":{"rendered":"https:\/\/www.sinfoniavarsovia.org\/chamber-ensembles\/sinfonia-varsovia-wind-quintet\/"},"modified":"2023-07-26T12:52:32","modified_gmt":"2023-07-26T10:52:32","slug":"sinfonia-varsovia-wind-quintet","status":"publish","type":"page","link":"https:\/\/www.sinfoniavarsovia.org\/en\/sinfonia-varsovia\/chamber-ensembles\/sinfonia-varsovia-wind-quintet\/","title":{"rendered":"Sinfonia Varsovia Wind Quintet"},"content":{"rendered":"<p><strong>A classic woodwind quintet made up of a flute, an oboe, a clarinet, a bassoon, and a French horn, the Sinfonia Varsovia Wind Quintet formed in 2010 as a grassroots initiative of the musicians of Sinfonia Varsovia. Its members are soloists of the Orchestra\u2019s wind section, musicians who have earned both national and international recognition. The ensemble has appeared at the piano festival La Roque-d\u2019Anth\u00e9ron and the La Folle Journ\u00e9e festival in Nantes, among others. <\/strong><strong>The ensemble is made up of: Andrzej Krzy\u017canowski (flute), Arkadiusz Krupa (oboe), Rados\u0142aw Soroka (clarinet), Henryk Kowalewicz (French horn), and Piotr Kami\u0144ski (bassoon). <\/strong><\/p>\n<p>The repertoire of SVWQ includes classic pieces for a wood quintet, but particular significance is attached to Polish 20th century compositions by such artists as Gra\u017cyna Bacewicz, Wojciech Kilar, Andrzej Panufnik, or J\u00f3zef \u015awider. The ensemble also performs film and popular music, as well as projects addressed to the youngest listeners.<\/p>\n<p><strong>&nbsp;<\/strong><\/p>\n<p>&nbsp;<\/p>\n<p>&nbsp;<\/p>\n","protected":false},"excerpt":{"rendered":"<p>A classic woodwind quintet made up of a flute, an oboe, a clarinet, a bassoon, and a French horn, the Sinfonia Varsovia Wind Quintet formed in 2010 as a grassroots initiative of the musicians of Sinfonia Varsovia. Its members are soloists of the Orchestra\u2019s wind section, musicians who have earned both national and international recognition. [&hellip;]<\/p>\n","protected":false},"author":1,"featured_media":456,"parent":1518,"menu_order":154,"comment_status":"closed","ping_status":"closed","template":"","meta":{"ngg_post_thumbnail":0},"acf":[],"yoast_head":"<!-- This site is optimized with the Yoast SEO plugin v19.7.1 - https:\/\/yoast.com\/wordpress\/plugins\/seo\/ -->\n<title>Sinfonia Varsovia Wind Quintet - Sinfonia Varsovia<\/title>\n<meta name=\"robots\" content=\"index, follow, max-snippet:-1, max-image-preview:large, max-video-preview:-1\" \/>\n<link rel=\"canonical\" href=\"https:\/\/www.sinfoniavarsovia.org\/en\/sinfonia-varsovia\/chamber-ensembles\/sinfonia-varsovia-wind-quintet\/\" \/>\n<meta property=\"og:locale\" content=\"en_US\" \/>\n<meta property=\"og:type\" content=\"article\" \/>\n<meta property=\"og:title\" content=\"Sinfonia Varsovia Wind Quintet - Sinfonia Varsovia\" \/>\n<meta property=\"og:description\" content=\"A classic woodwind quintet made up of a flute, an oboe, a clarinet, a bassoon, and a French horn, the Sinfonia Varsovia Wind Quintet formed in 2010 as a grassroots initiative of the musicians of Sinfonia Varsovia. Its members are soloists of the Orchestra\u2019s wind section, musicians who have earned both national and international recognition. [&hellip;]\" \/>\n<meta property=\"og:url\" content=\"https:\/\/www.sinfoniavarsovia.org\/en\/sinfonia-varsovia\/chamber-ensembles\/sinfonia-varsovia-wind-quintet\/\" \/>\n<meta property=\"og:site_name\" content=\"Sinfonia Varsovia\" \/>\n<meta property=\"article:modified_time\" content=\"2023-07-26T10:52:32+00:00\" \/>\n<meta property=\"og:image\" content=\"https:\/\/www.sinfoniavarsovia.org\/wp-content\/uploads\/2020\/01\/sinfonia-varsovia-wind-quintet.jpg\" \/>\n\t<meta property=\"og:image:width\" content=\"325\" \/>\n\t<meta property=\"og:image:height\" content=\"325\" \/>\n\t<meta property=\"og:image:type\" content=\"image\/jpeg\" \/>\n<meta name=\"twitter:card\" content=\"summary_large_image\" \/>\n<meta name=\"twitter:label1\" content=\"Est. reading time\" \/>\n\t<meta name=\"twitter:data1\" content=\"1 minute\" \/>\n<script type=\"application\/ld+json\" class=\"yoast-schema-graph\">{\"@context\":\"https:\/\/schema.org\",\"@graph\":[{\"@type\":\"WebPage\",\"@id\":\"https:\/\/www.sinfoniavarsovia.org\/en\/sinfonia-varsovia\/chamber-ensembles\/sinfonia-varsovia-wind-quintet\/\",\"url\":\"https:\/\/www.sinfoniavarsovia.org\/en\/sinfonia-varsovia\/chamber-ensembles\/sinfonia-varsovia-wind-quintet\/\",\"name\":\"Sinfonia Varsovia Wind Quintet - Sinfonia Varsovia\",\"isPartOf\":{\"@id\":\"https:\/\/www.sinfoniavarsovia.org\/#website\"},\"datePublished\":\"2020-01-26T22:56:52+00:00\",\"dateModified\":\"2023-07-26T10:52:32+00:00\",\"breadcrumb\":{\"@id\":\"https:\/\/www.sinfoniavarsovia.org\/en\/sinfonia-varsovia\/chamber-ensembles\/sinfonia-varsovia-wind-quintet\/#breadcrumb\"},\"inLanguage\":\"en-US\",\"potentialAction\":[{\"@type\":\"ReadAction\",\"target\":[\"https:\/\/www.sinfoniavarsovia.org\/en\/sinfonia-varsovia\/chamber-ensembles\/sinfonia-varsovia-wind-quintet\/\"]}]},{\"@type\":\"BreadcrumbList\",\"@id\":\"https:\/\/www.sinfoniavarsovia.org\/en\/sinfonia-varsovia\/chamber-ensembles\/sinfonia-varsovia-wind-quintet\/#breadcrumb\",\"itemListElement\":[{\"@type\":\"ListItem\",\"position\":1,\"name\":\"Strona g\u0142\u00f3wna\",\"item\":\"https:\/\/www.sinfoniavarsovia.org\/en\/\"},{\"@type\":\"ListItem\",\"position\":2,\"name\":\"Sinfonia Varsovia\",\"item\":\"https:\/\/www.sinfoniavarsovia.org\/en\/sinfonia-varsovia\/\"},{\"@type\":\"ListItem\",\"position\":3,\"name\":\"Chamber Ensembles\",\"item\":\"https:\/\/www.sinfoniavarsovia.org\/en\/sinfonia-varsovia\/chamber-ensembles\/\"},{\"@type\":\"ListItem\",\"position\":4,\"name\":\"Sinfonia Varsovia Wind Quintet\"}]},{\"@type\":\"WebSite\",\"@id\":\"https:\/\/www.sinfoniavarsovia.org\/#website\",\"url\":\"https:\/\/www.sinfoniavarsovia.org\/\",\"name\":\"Sinfonia Varsovia\",\"description\":\"\",\"potentialAction\":[{\"@type\":\"SearchAction\",\"target\":{\"@type\":\"EntryPoint\",\"urlTemplate\":\"https:\/\/www.sinfoniavarsovia.org\/?s={search_term_string}\"},\"query-input\":\"required name=search_term_string\"}],\"inLanguage\":\"en-US\"}]}<\/script>\n<!-- \/ Yoast SEO plugin. -->","yoast_head_json":{"title":"Sinfonia Varsovia Wind Quintet - Sinfonia Varsovia","robots":{"index":"index","follow":"follow","max-snippet":"max-snippet:-1","max-image-preview":"max-image-preview:large","max-video-preview":"max-video-preview:-1"},"canonical":"https:\/\/www.sinfoniavarsovia.org\/en\/sinfonia-varsovia\/chamber-ensembles\/sinfonia-varsovia-wind-quintet\/","og_locale":"en_US","og_type":"article","og_title":"Sinfonia Varsovia Wind Quintet - Sinfonia Varsovia","og_description":"A classic woodwind quintet made up of a flute, an oboe, a clarinet, a bassoon, and a French horn, the Sinfonia Varsovia Wind Quintet formed in 2010 as a grassroots initiative of the musicians of Sinfonia Varsovia. Its members are soloists of the Orchestra\u2019s wind section, musicians who have earned both national and international recognition. [&hellip;]","og_url":"https:\/\/www.sinfoniavarsovia.org\/en\/sinfonia-varsovia\/chamber-ensembles\/sinfonia-varsovia-wind-quintet\/","og_site_name":"Sinfonia Varsovia","article_modified_time":"2023-07-26T10:52:32+00:00","og_image":[{"width":325,"height":325,"url":"https:\/\/www.sinfoniavarsovia.org\/wp-content\/uploads\/2020\/01\/sinfonia-varsovia-wind-quintet.jpg","type":"image\/jpeg"}],"twitter_card":"summary_large_image","twitter_misc":{"Est. reading time":"1 minute"},"schema":{"@context":"https:\/\/schema.org","@graph":[{"@type":"WebPage","@id":"https:\/\/www.sinfoniavarsovia.org\/en\/sinfonia-varsovia\/chamber-ensembles\/sinfonia-varsovia-wind-quintet\/","url":"https:\/\/www.sinfoniavarsovia.org\/en\/sinfonia-varsovia\/chamber-ensembles\/sinfonia-varsovia-wind-quintet\/","name":"Sinfonia Varsovia Wind Quintet - Sinfonia Varsovia","isPartOf":{"@id":"https:\/\/www.sinfoniavarsovia.org\/#website"},"datePublished":"2020-01-26T22:56:52+00:00","dateModified":"2023-07-26T10:52:32+00:00","breadcrumb":{"@id":"https:\/\/www.sinfoniavarsovia.org\/en\/sinfonia-varsovia\/chamber-ensembles\/sinfonia-varsovia-wind-quintet\/#breadcrumb"},"inLanguage":"en-US","potentialAction":[{"@type":"ReadAction","target":["https:\/\/www.sinfoniavarsovia.org\/en\/sinfonia-varsovia\/chamber-ensembles\/sinfonia-varsovia-wind-quintet\/"]}]},{"@type":"BreadcrumbList","@id":"https:\/\/www.sinfoniavarsovia.org\/en\/sinfonia-varsovia\/chamber-ensembles\/sinfonia-varsovia-wind-quintet\/#breadcrumb","itemListElement":[{"@type":"ListItem","position":1,"name":"Strona g\u0142\u00f3wna","item":"https:\/\/www.sinfoniavarsovia.org\/en\/"},{"@type":"ListItem","position":2,"name":"Sinfonia Varsovia","item":"https:\/\/www.sinfoniavarsovia.org\/en\/sinfonia-varsovia\/"},{"@type":"ListItem","position":3,"name":"Chamber Ensembles","item":"https:\/\/www.sinfoniavarsovia.org\/en\/sinfonia-varsovia\/chamber-ensembles\/"},{"@type":"ListItem","position":4,"name":"Sinfonia Varsovia Wind Quintet"}]},{"@type":"WebSite","@id":"https:\/\/www.sinfoniavarsovia.org\/#website","url":"https:\/\/www.sinfoniavarsovia.org\/","name":"Sinfonia Varsovia","description":"","potentialAction":[{"@type":"SearchAction","target":{"@type":"EntryPoint","urlTemplate":"https:\/\/www.sinfoniavarsovia.org\/?s={search_term_string}"},"query-input":"required name=search_term_string"}],"inLanguage":"en-US"}]}},"_links":{"self":[{"href":"https:\/\/www.sinfoniavarsovia.org\/en\/wp-json\/wp\/v2\/pages\/1522"}],"collection":[{"href":"https:\/\/www.sinfoniavarsovia.org\/en\/wp-json\/wp\/v2\/pages"}],"about":[{"href":"https:\/\/www.sinfoniavarsovia.org\/en\/wp-json\/wp\/v2\/types\/page"}],"author":[{"embeddable":true,"href":"https:\/\/www.sinfoniavarsovia.org\/en\/wp-json\/wp\/v2\/users\/1"}],"replies":[{"embeddable":true,"href":"https:\/\/www.sinfoniavarsovia.org\/en\/wp-json\/wp\/v2\/comments?post=1522"}],"version-history":[{"count":4,"href":"https:\/\/www.sinfoniavarsovia.org\/en\/wp-json\/wp\/v2\/pages\/1522\/revisions"}],"predecessor-version":[{"id":43327,"href":"https:\/\/www.sinfoniavarsovia.org\/en\/wp-json\/wp\/v2\/pages\/1522\/revisions\/43327"}],"up":[{"embeddable":true,"href":"https:\/\/www.sinfoniavarsovia.org\/en\/wp-json\/wp\/v2\/pages\/1518"}],"wp:featuredmedia":[{"embeddable":true,"href":"https:\/\/www.sinfoniavarsovia.org\/en\/wp-json\/wp\/v2\/media\/456"}],"wp:attachment":[{"href":"https:\/\/www.sinfoniavarsovia.org\/en\/wp-json\/wp\/v2\/media?parent=1522"}],"curies":[{"name":"wp","href":"https:\/\/api.w.org\/{rel}","templated":true}]}}