{"id":1523,"date":"2020-01-26T23:58:29","date_gmt":"2020-01-26T22:58:29","guid":{"rendered":"https:\/\/www.sinfoniavarsovia.org\/chamber-ensembles\/sinfonia-varsovia-brass\/"},"modified":"2025-08-20T09:57:32","modified_gmt":"2025-08-20T07:57:32","slug":"sinfonia-varsovia-brass","status":"publish","type":"page","link":"https:\/\/www.sinfoniavarsovia.org\/en\/sinfonia-varsovia\/chamber-ensembles\/sinfonia-varsovia-brass\/","title":{"rendered":"Sinfonia Varsovia Brass"},"content":{"rendered":"<p><strong>Sinfonia Varsovia Brass is a thirteen-person brass band formed of the members of the brass and percussion sections of the Sinfonia Varsovia Orchestra. The ensemble\u2019s repertoire includes original compositions written for the ensemble as well as arrangements of symphonic, jazz, and baroque music. The members of the ensemble are particularly drawn to Latin music as well as film scores. The ensemble has performed with notable soloists, such as Eric Miyashiro or Wayne Bergeron. In 2017, Warner Classics published the debut record of the <em>Sinfonia Varsovia Brass<\/em>, an energetic compilation of hits drawn from film scores and American and Latin music.<\/strong><\/p>\n<p>The ensemble is made up of: Jan Harasimowicz (trumpet), Jakub Waszczeniuk (trumpet), Ostap Popovych (trumpet), Andrzej Tomczok (trumpet), Marek \u017bwirdowski (trombone, euphonium), Tomasz \u015awiatczy\u0144ski (trombone), Tomasz Hajda (trombone), Mariusz Opali\u0144ski (trombone), Henryk Kowalewicz (French horn), Krzysztof Mucha (tuba), Piotr Kostrzewa (drums), Sebastian Frankiewicz (drums), and Tomasz Bielecki (drums).<strong><br \/>\n<\/strong><\/p>\n<p>&nbsp;<\/p>\n<p>&nbsp;<\/p>\n","protected":false},"excerpt":{"rendered":"<p>Sinfonia Varsovia Brass is a thirteen-person brass band formed of the members of the brass and percussion sections of the Sinfonia Varsovia Orchestra. The ensemble\u2019s repertoire includes original compositions written for the ensemble as well as arrangements of symphonic, jazz, and baroque music. The members of the ensemble are particularly drawn to Latin music as [&hellip;]<\/p>\n","protected":false},"author":1,"featured_media":452,"parent":1518,"menu_order":90,"comment_status":"closed","ping_status":"closed","template":"","meta":{"ngg_post_thumbnail":0},"acf":[],"yoast_head":"<!-- This site is optimized with the Yoast SEO plugin v19.7.1 - https:\/\/yoast.com\/wordpress\/plugins\/seo\/ -->\n<title>Sinfonia Varsovia Brass - Sinfonia Varsovia<\/title>\n<meta name=\"robots\" content=\"index, follow, max-snippet:-1, max-image-preview:large, max-video-preview:-1\" \/>\n<link rel=\"canonical\" href=\"https:\/\/www.sinfoniavarsovia.org\/en\/sinfonia-varsovia\/chamber-ensembles\/sinfonia-varsovia-brass\/\" \/>\n<meta property=\"og:locale\" content=\"en_US\" \/>\n<meta property=\"og:type\" content=\"article\" \/>\n<meta property=\"og:title\" content=\"Sinfonia Varsovia Brass - Sinfonia Varsovia\" \/>\n<meta property=\"og:description\" content=\"Sinfonia Varsovia Brass is a thirteen-person brass band formed of the members of the brass and percussion sections of the Sinfonia Varsovia Orchestra. The ensemble\u2019s repertoire includes original compositions written for the ensemble as well as arrangements of symphonic, jazz, and baroque music. The members of the ensemble are particularly drawn to Latin music as [&hellip;]\" \/>\n<meta property=\"og:url\" content=\"https:\/\/www.sinfoniavarsovia.org\/en\/sinfonia-varsovia\/chamber-ensembles\/sinfonia-varsovia-brass\/\" \/>\n<meta property=\"og:site_name\" content=\"Sinfonia Varsovia\" \/>\n<meta property=\"article:modified_time\" content=\"2025-08-20T07:57:32+00:00\" \/>\n<meta property=\"og:image\" content=\"https:\/\/www.sinfoniavarsovia.org\/wp-content\/uploads\/2020\/01\/sinfonia-varsovia-brass.jpg\" \/>\n\t<meta property=\"og:image:width\" content=\"325\" \/>\n\t<meta property=\"og:image:height\" content=\"325\" \/>\n\t<meta property=\"og:image:type\" content=\"image\/jpeg\" \/>\n<meta name=\"twitter:card\" content=\"summary_large_image\" \/>\n<meta name=\"twitter:label1\" content=\"Est. reading time\" \/>\n\t<meta name=\"twitter:data1\" content=\"1 minute\" \/>\n<script type=\"application\/ld+json\" class=\"yoast-schema-graph\">{\"@context\":\"https:\/\/schema.org\",\"@graph\":[{\"@type\":\"WebPage\",\"@id\":\"https:\/\/www.sinfoniavarsovia.org\/en\/sinfonia-varsovia\/chamber-ensembles\/sinfonia-varsovia-brass\/\",\"url\":\"https:\/\/www.sinfoniavarsovia.org\/en\/sinfonia-varsovia\/chamber-ensembles\/sinfonia-varsovia-brass\/\",\"name\":\"Sinfonia Varsovia Brass - Sinfonia Varsovia\",\"isPartOf\":{\"@id\":\"https:\/\/www.sinfoniavarsovia.org\/#website\"},\"datePublished\":\"2020-01-26T22:58:29+00:00\",\"dateModified\":\"2025-08-20T07:57:32+00:00\",\"breadcrumb\":{\"@id\":\"https:\/\/www.sinfoniavarsovia.org\/en\/sinfonia-varsovia\/chamber-ensembles\/sinfonia-varsovia-brass\/#breadcrumb\"},\"inLanguage\":\"en-US\",\"potentialAction\":[{\"@type\":\"ReadAction\",\"target\":[\"https:\/\/www.sinfoniavarsovia.org\/en\/sinfonia-varsovia\/chamber-ensembles\/sinfonia-varsovia-brass\/\"]}]},{\"@type\":\"BreadcrumbList\",\"@id\":\"https:\/\/www.sinfoniavarsovia.org\/en\/sinfonia-varsovia\/chamber-ensembles\/sinfonia-varsovia-brass\/#breadcrumb\",\"itemListElement\":[{\"@type\":\"ListItem\",\"position\":1,\"name\":\"Strona g\u0142\u00f3wna\",\"item\":\"https:\/\/www.sinfoniavarsovia.org\/en\/\"},{\"@type\":\"ListItem\",\"position\":2,\"name\":\"Sinfonia Varsovia\",\"item\":\"https:\/\/www.sinfoniavarsovia.org\/en\/sinfonia-varsovia\/\"},{\"@type\":\"ListItem\",\"position\":3,\"name\":\"Chamber Ensembles\",\"item\":\"https:\/\/www.sinfoniavarsovia.org\/en\/sinfonia-varsovia\/chamber-ensembles\/\"},{\"@type\":\"ListItem\",\"position\":4,\"name\":\"Sinfonia Varsovia Brass\"}]},{\"@type\":\"WebSite\",\"@id\":\"https:\/\/www.sinfoniavarsovia.org\/#website\",\"url\":\"https:\/\/www.sinfoniavarsovia.org\/\",\"name\":\"Sinfonia Varsovia\",\"description\":\"\",\"potentialAction\":[{\"@type\":\"SearchAction\",\"target\":{\"@type\":\"EntryPoint\",\"urlTemplate\":\"https:\/\/www.sinfoniavarsovia.org\/?s={search_term_string}\"},\"query-input\":\"required name=search_term_string\"}],\"inLanguage\":\"en-US\"}]}<\/script>\n<!-- \/ Yoast SEO plugin. -->","yoast_head_json":{"title":"Sinfonia Varsovia Brass - Sinfonia Varsovia","robots":{"index":"index","follow":"follow","max-snippet":"max-snippet:-1","max-image-preview":"max-image-preview:large","max-video-preview":"max-video-preview:-1"},"canonical":"https:\/\/www.sinfoniavarsovia.org\/en\/sinfonia-varsovia\/chamber-ensembles\/sinfonia-varsovia-brass\/","og_locale":"en_US","og_type":"article","og_title":"Sinfonia Varsovia Brass - Sinfonia Varsovia","og_description":"Sinfonia Varsovia Brass is a thirteen-person brass band formed of the members of the brass and percussion sections of the Sinfonia Varsovia Orchestra. The ensemble\u2019s repertoire includes original compositions written for the ensemble as well as arrangements of symphonic, jazz, and baroque music. The members of the ensemble are particularly drawn to Latin music as [&hellip;]","og_url":"https:\/\/www.sinfoniavarsovia.org\/en\/sinfonia-varsovia\/chamber-ensembles\/sinfonia-varsovia-brass\/","og_site_name":"Sinfonia Varsovia","article_modified_time":"2025-08-20T07:57:32+00:00","og_image":[{"width":325,"height":325,"url":"https:\/\/www.sinfoniavarsovia.org\/wp-content\/uploads\/2020\/01\/sinfonia-varsovia-brass.jpg","type":"image\/jpeg"}],"twitter_card":"summary_large_image","twitter_misc":{"Est. reading time":"1 minute"},"schema":{"@context":"https:\/\/schema.org","@graph":[{"@type":"WebPage","@id":"https:\/\/www.sinfoniavarsovia.org\/en\/sinfonia-varsovia\/chamber-ensembles\/sinfonia-varsovia-brass\/","url":"https:\/\/www.sinfoniavarsovia.org\/en\/sinfonia-varsovia\/chamber-ensembles\/sinfonia-varsovia-brass\/","name":"Sinfonia Varsovia Brass - Sinfonia Varsovia","isPartOf":{"@id":"https:\/\/www.sinfoniavarsovia.org\/#website"},"datePublished":"2020-01-26T22:58:29+00:00","dateModified":"2025-08-20T07:57:32+00:00","breadcrumb":{"@id":"https:\/\/www.sinfoniavarsovia.org\/en\/sinfonia-varsovia\/chamber-ensembles\/sinfonia-varsovia-brass\/#breadcrumb"},"inLanguage":"en-US","potentialAction":[{"@type":"ReadAction","target":["https:\/\/www.sinfoniavarsovia.org\/en\/sinfonia-varsovia\/chamber-ensembles\/sinfonia-varsovia-brass\/"]}]},{"@type":"BreadcrumbList","@id":"https:\/\/www.sinfoniavarsovia.org\/en\/sinfonia-varsovia\/chamber-ensembles\/sinfonia-varsovia-brass\/#breadcrumb","itemListElement":[{"@type":"ListItem","position":1,"name":"Strona g\u0142\u00f3wna","item":"https:\/\/www.sinfoniavarsovia.org\/en\/"},{"@type":"ListItem","position":2,"name":"Sinfonia Varsovia","item":"https:\/\/www.sinfoniavarsovia.org\/en\/sinfonia-varsovia\/"},{"@type":"ListItem","position":3,"name":"Chamber Ensembles","item":"https:\/\/www.sinfoniavarsovia.org\/en\/sinfonia-varsovia\/chamber-ensembles\/"},{"@type":"ListItem","position":4,"name":"Sinfonia Varsovia Brass"}]},{"@type":"WebSite","@id":"https:\/\/www.sinfoniavarsovia.org\/#website","url":"https:\/\/www.sinfoniavarsovia.org\/","name":"Sinfonia Varsovia","description":"","potentialAction":[{"@type":"SearchAction","target":{"@type":"EntryPoint","urlTemplate":"https:\/\/www.sinfoniavarsovia.org\/?s={search_term_string}"},"query-input":"required name=search_term_string"}],"inLanguage":"en-US"}]}},"_links":{"self":[{"href":"https:\/\/www.sinfoniavarsovia.org\/en\/wp-json\/wp\/v2\/pages\/1523"}],"collection":[{"href":"https:\/\/www.sinfoniavarsovia.org\/en\/wp-json\/wp\/v2\/pages"}],"about":[{"href":"https:\/\/www.sinfoniavarsovia.org\/en\/wp-json\/wp\/v2\/types\/page"}],"author":[{"embeddable":true,"href":"https:\/\/www.sinfoniavarsovia.org\/en\/wp-json\/wp\/v2\/users\/1"}],"replies":[{"embeddable":true,"href":"https:\/\/www.sinfoniavarsovia.org\/en\/wp-json\/wp\/v2\/comments?post=1523"}],"version-history":[{"count":4,"href":"https:\/\/www.sinfoniavarsovia.org\/en\/wp-json\/wp\/v2\/pages\/1523\/revisions"}],"predecessor-version":[{"id":49792,"href":"https:\/\/www.sinfoniavarsovia.org\/en\/wp-json\/wp\/v2\/pages\/1523\/revisions\/49792"}],"up":[{"embeddable":true,"href":"https:\/\/www.sinfoniavarsovia.org\/en\/wp-json\/wp\/v2\/pages\/1518"}],"wp:featuredmedia":[{"embeddable":true,"href":"https:\/\/www.sinfoniavarsovia.org\/en\/wp-json\/wp\/v2\/media\/452"}],"wp:attachment":[{"href":"https:\/\/www.sinfoniavarsovia.org\/en\/wp-json\/wp\/v2\/media?parent=1523"}],"curies":[{"name":"wp","href":"https:\/\/api.w.org\/{rel}","templated":true}]}}