{"id":47150,"date":"2024-11-27T11:06:49","date_gmt":"2024-11-27T10:06:49","guid":{"rendered":"https:\/\/www.sinfoniavarsovia.org\/?page_id=47150"},"modified":"2025-02-17T10:28:55","modified_gmt":"2025-02-17T09:28:55","slug":"first-sounds-workshops-for-elementary-schools","status":"publish","type":"page","link":"https:\/\/www.sinfoniavarsovia.org\/en\/education\/cultural-education\/first-sounds-workshops-for-elementary-schools\/","title":{"rendered":"First sounds \u2013 workshops for elementary schools"},"content":{"rendered":"<p><strong>What is it like to do something for the first time? When do we hear for the first time? The workshop is a series of 3 meetings with people involved in different areas of music. These will include a meeting with a symphony orchestra musician, a DJ, a composer and a specialist involved in audio post-production or podcaster.<\/strong><\/p>\n<p>&nbsp;<\/p>\n<h3>Further information<\/h3>\n<p><strong>For whom: <\/strong>grades 7\u20138 of elementary school (maximum 25 participants)<strong><br \/>\nWhere: <\/strong>at your school<strong><br \/>\nDuration: <\/strong>90 min (two lesson hours)<strong><br \/>\nLed by:<\/strong>Agnieszka Koci\u0144ska, Hanna Turonek, Piotr \u015aniegu\u0142a, Pawe\u0142 Szamburski&nbsp;<strong><br \/>\nDate:&nbsp;<br \/>\n<\/strong>1. set: 13, 24 and 31 March 2025<br \/>\n2. set: 27 March, 3 and 14 April 2025<br \/>\n3. set: 17 and 24 April, 8 May 2025<strong><br \/>\nRegistration: <\/strong>available from 17 February<strong><br \/>\nCost: <\/strong>15 PLN\/participant<\/p>\n","protected":false},"excerpt":{"rendered":"<p>What is it like to do something for the first time? When do we hear for the first time? The workshop is a series of 3 meetings with people involved in different areas of music. These will include a meeting with a symphony orchestra musician, a DJ, a composer and a specialist involved in audio [&hellip;]<\/p>\n","protected":false},"author":16,"featured_media":47152,"parent":45775,"menu_order":31,"comment_status":"closed","ping_status":"closed","template":"page-theme-education.php","meta":{"ngg_post_thumbnail":0},"acf":[],"yoast_head":"<!-- This site is optimized with the Yoast SEO plugin v19.7.1 - https:\/\/yoast.com\/wordpress\/plugins\/seo\/ -->\n<title>First sounds \u2013 workshops for elementary schools - Sinfonia Varsovia<\/title>\n<meta name=\"robots\" content=\"index, follow, max-snippet:-1, max-image-preview:large, max-video-preview:-1\" \/>\n<link rel=\"canonical\" href=\"https:\/\/www.sinfoniavarsovia.org\/en\/education\/cultural-education\/first-sounds-workshops-for-elementary-schools\/\" \/>\n<meta property=\"og:locale\" content=\"en_US\" \/>\n<meta property=\"og:type\" content=\"article\" \/>\n<meta property=\"og:title\" content=\"First sounds \u2013 workshops for elementary schools - Sinfonia Varsovia\" \/>\n<meta property=\"og:description\" content=\"What is it like to do something for the first time? When do we hear for the first time? The workshop is a series of 3 meetings with people involved in different areas of music. These will include a meeting with a symphony orchestra musician, a DJ, a composer and a specialist involved in audio [&hellip;]\" \/>\n<meta property=\"og:url\" content=\"https:\/\/www.sinfoniavarsovia.org\/en\/education\/cultural-education\/first-sounds-workshops-for-elementary-schools\/\" \/>\n<meta property=\"og:site_name\" content=\"Sinfonia Varsovia\" \/>\n<meta property=\"article:modified_time\" content=\"2025-02-17T09:28:55+00:00\" \/>\n<meta property=\"og:image\" content=\"https:\/\/www.sinfoniavarsovia.org\/wp-content\/uploads\/2024\/11\/EK_PD_25.jpg\" \/>\n\t<meta property=\"og:image:width\" content=\"600\" \/>\n\t<meta property=\"og:image:height\" content=\"600\" \/>\n\t<meta property=\"og:image:type\" content=\"image\/jpeg\" \/>\n<meta name=\"twitter:card\" content=\"summary_large_image\" \/>\n<meta name=\"twitter:label1\" content=\"Est. reading time\" \/>\n\t<meta name=\"twitter:data1\" content=\"1 minute\" \/>\n<script type=\"application\/ld+json\" class=\"yoast-schema-graph\">{\"@context\":\"https:\/\/schema.org\",\"@graph\":[{\"@type\":\"WebPage\",\"@id\":\"https:\/\/www.sinfoniavarsovia.org\/en\/education\/cultural-education\/first-sounds-workshops-for-elementary-schools\/\",\"url\":\"https:\/\/www.sinfoniavarsovia.org\/en\/education\/cultural-education\/first-sounds-workshops-for-elementary-schools\/\",\"name\":\"First sounds \u2013 workshops for elementary schools - Sinfonia Varsovia\",\"isPartOf\":{\"@id\":\"https:\/\/www.sinfoniavarsovia.org\/#website\"},\"datePublished\":\"2024-11-27T10:06:49+00:00\",\"dateModified\":\"2025-02-17T09:28:55+00:00\",\"breadcrumb\":{\"@id\":\"https:\/\/www.sinfoniavarsovia.org\/en\/education\/cultural-education\/first-sounds-workshops-for-elementary-schools\/#breadcrumb\"},\"inLanguage\":\"en-US\",\"potentialAction\":[{\"@type\":\"ReadAction\",\"target\":[\"https:\/\/www.sinfoniavarsovia.org\/en\/education\/cultural-education\/first-sounds-workshops-for-elementary-schools\/\"]}]},{\"@type\":\"BreadcrumbList\",\"@id\":\"https:\/\/www.sinfoniavarsovia.org\/en\/education\/cultural-education\/first-sounds-workshops-for-elementary-schools\/#breadcrumb\",\"itemListElement\":[{\"@type\":\"ListItem\",\"position\":1,\"name\":\"Strona g\u0142\u00f3wna\",\"item\":\"https:\/\/www.sinfoniavarsovia.org\/en\/\"},{\"@type\":\"ListItem\",\"position\":2,\"name\":\"Education\",\"item\":\"https:\/\/www.sinfoniavarsovia.org\/en\/education\/\"},{\"@type\":\"ListItem\",\"position\":3,\"name\":\"Sinfonia Varsovia Cultural Education 2024\u20132026\",\"item\":\"https:\/\/www.sinfoniavarsovia.org\/en\/education\/cultural-education\/\"},{\"@type\":\"ListItem\",\"position\":4,\"name\":\"First sounds \u2013 workshops for elementary schools\"}]},{\"@type\":\"WebSite\",\"@id\":\"https:\/\/www.sinfoniavarsovia.org\/#website\",\"url\":\"https:\/\/www.sinfoniavarsovia.org\/\",\"name\":\"Sinfonia Varsovia\",\"description\":\"\",\"potentialAction\":[{\"@type\":\"SearchAction\",\"target\":{\"@type\":\"EntryPoint\",\"urlTemplate\":\"https:\/\/www.sinfoniavarsovia.org\/?s={search_term_string}\"},\"query-input\":\"required name=search_term_string\"}],\"inLanguage\":\"en-US\"}]}<\/script>\n<!-- \/ Yoast SEO plugin. -->","yoast_head_json":{"title":"First sounds \u2013 workshops for elementary schools - Sinfonia Varsovia","robots":{"index":"index","follow":"follow","max-snippet":"max-snippet:-1","max-image-preview":"max-image-preview:large","max-video-preview":"max-video-preview:-1"},"canonical":"https:\/\/www.sinfoniavarsovia.org\/en\/education\/cultural-education\/first-sounds-workshops-for-elementary-schools\/","og_locale":"en_US","og_type":"article","og_title":"First sounds \u2013 workshops for elementary schools - Sinfonia Varsovia","og_description":"What is it like to do something for the first time? When do we hear for the first time? The workshop is a series of 3 meetings with people involved in different areas of music. These will include a meeting with a symphony orchestra musician, a DJ, a composer and a specialist involved in audio [&hellip;]","og_url":"https:\/\/www.sinfoniavarsovia.org\/en\/education\/cultural-education\/first-sounds-workshops-for-elementary-schools\/","og_site_name":"Sinfonia Varsovia","article_modified_time":"2025-02-17T09:28:55+00:00","og_image":[{"width":600,"height":600,"url":"https:\/\/www.sinfoniavarsovia.org\/wp-content\/uploads\/2024\/11\/EK_PD_25.jpg","type":"image\/jpeg"}],"twitter_card":"summary_large_image","twitter_misc":{"Est. reading time":"1 minute"},"schema":{"@context":"https:\/\/schema.org","@graph":[{"@type":"WebPage","@id":"https:\/\/www.sinfoniavarsovia.org\/en\/education\/cultural-education\/first-sounds-workshops-for-elementary-schools\/","url":"https:\/\/www.sinfoniavarsovia.org\/en\/education\/cultural-education\/first-sounds-workshops-for-elementary-schools\/","name":"First sounds \u2013 workshops for elementary schools - Sinfonia Varsovia","isPartOf":{"@id":"https:\/\/www.sinfoniavarsovia.org\/#website"},"datePublished":"2024-11-27T10:06:49+00:00","dateModified":"2025-02-17T09:28:55+00:00","breadcrumb":{"@id":"https:\/\/www.sinfoniavarsovia.org\/en\/education\/cultural-education\/first-sounds-workshops-for-elementary-schools\/#breadcrumb"},"inLanguage":"en-US","potentialAction":[{"@type":"ReadAction","target":["https:\/\/www.sinfoniavarsovia.org\/en\/education\/cultural-education\/first-sounds-workshops-for-elementary-schools\/"]}]},{"@type":"BreadcrumbList","@id":"https:\/\/www.sinfoniavarsovia.org\/en\/education\/cultural-education\/first-sounds-workshops-for-elementary-schools\/#breadcrumb","itemListElement":[{"@type":"ListItem","position":1,"name":"Strona g\u0142\u00f3wna","item":"https:\/\/www.sinfoniavarsovia.org\/en\/"},{"@type":"ListItem","position":2,"name":"Education","item":"https:\/\/www.sinfoniavarsovia.org\/en\/education\/"},{"@type":"ListItem","position":3,"name":"Sinfonia Varsovia Cultural Education 2024\u20132026","item":"https:\/\/www.sinfoniavarsovia.org\/en\/education\/cultural-education\/"},{"@type":"ListItem","position":4,"name":"First sounds \u2013 workshops for elementary schools"}]},{"@type":"WebSite","@id":"https:\/\/www.sinfoniavarsovia.org\/#website","url":"https:\/\/www.sinfoniavarsovia.org\/","name":"Sinfonia Varsovia","description":"","potentialAction":[{"@type":"SearchAction","target":{"@type":"EntryPoint","urlTemplate":"https:\/\/www.sinfoniavarsovia.org\/?s={search_term_string}"},"query-input":"required name=search_term_string"}],"inLanguage":"en-US"}]}},"_links":{"self":[{"href":"https:\/\/www.sinfoniavarsovia.org\/en\/wp-json\/wp\/v2\/pages\/47150"}],"collection":[{"href":"https:\/\/www.sinfoniavarsovia.org\/en\/wp-json\/wp\/v2\/pages"}],"about":[{"href":"https:\/\/www.sinfoniavarsovia.org\/en\/wp-json\/wp\/v2\/types\/page"}],"author":[{"embeddable":true,"href":"https:\/\/www.sinfoniavarsovia.org\/en\/wp-json\/wp\/v2\/users\/16"}],"replies":[{"embeddable":true,"href":"https:\/\/www.sinfoniavarsovia.org\/en\/wp-json\/wp\/v2\/comments?post=47150"}],"version-history":[{"count":5,"href":"https:\/\/www.sinfoniavarsovia.org\/en\/wp-json\/wp\/v2\/pages\/47150\/revisions"}],"predecessor-version":[{"id":47967,"href":"https:\/\/www.sinfoniavarsovia.org\/en\/wp-json\/wp\/v2\/pages\/47150\/revisions\/47967"}],"up":[{"embeddable":true,"href":"https:\/\/www.sinfoniavarsovia.org\/en\/wp-json\/wp\/v2\/pages\/45775"}],"wp:featuredmedia":[{"embeddable":true,"href":"https:\/\/www.sinfoniavarsovia.org\/en\/wp-json\/wp\/v2\/media\/47152"}],"wp:attachment":[{"href":"https:\/\/www.sinfoniavarsovia.org\/en\/wp-json\/wp\/v2\/media?parent=47150"}],"curies":[{"name":"wp","href":"https:\/\/api.w.org\/{rel}","templated":true}]}}